{"id":6,"date":"2021-09-23T16:08:20","date_gmt":"2021-09-23T16:08:20","guid":{"rendered":"http:\/\/sos-marinhos.web.ua.pt\/?page_id=2"},"modified":"2023-07-12T16:11:10","modified_gmt":"2023-07-12T16:11:10","slug":"projeto","status":"publish","type":"page","link":"https:\/\/sos-marinhos.web.ua.pt\/index.php\/projeto\/","title":{"rendered":"Projeto"},"content":{"rendered":"\r\n<p><span class=\"JsGRdQ\">A Literacia do Oceano refere-se ao n\u00edvel de conhecimento adquirido sobre como o Oceano influencia a popula\u00e7\u00e3o humana e, por sua vez, sobre como as pessoas influenciam o Oceano. Atualmente, alguns dos problemas mais importantes s\u00e3o os pl\u00e1sticos que afetam a vida marinha e as popula\u00e7\u00f5es em decl\u00ednio de alguns predadores marinhos. Em particular, o Boto \u00e9 um mam\u00edfero marinho que provavelmente desaparecer\u00e1 das \u00e1guas portuguesas nos pr\u00f3ximos 20 anos. O Centro de Reabilita\u00e7\u00e3o de Animais Marinhos do Ecomare (CRAM-Ecomare) desempenha um papel importante ao ajudar os animais marinhos que s\u00e3o direta ou indiretamente afetados pelas atividades humanas.<\/span><\/p>\r\n\r\n\r\n\r\n<blockquote class=\"wp-block-quote\">\r\n<p><span class=\"JsGRdQ\">O projeto visa fortalecer um relacionamento c\u00edvico e mais consciente entre as pessoas e o Oceano, transformando a consci\u00eancia das pessoas sobre as amea\u00e7as \u00e0 vida marinha. Ao tomar consci\u00eancia de como as atividades humanas afetam o Oceano, os participantes dever\u00e3o alterar as suas atitudes e aumentar a sua participa\u00e7\u00e3o em atividades que contribuam para um Oceano mais saud\u00e1vel.<\/span><\/p>\r\n<\/blockquote>\r\n\r\n\r\n\r\n<p><span class=\"JsGRdQ\">Este Projeto visa transformar a consci\u00eancia das <\/span><span class=\"JsGRdQ\">pessoas, sobretudo as crian\u00e7as e jovens em idade escolar, sobre <\/span><span class=\"JsGRdQ\">o impacto <\/span><span class=\"JsGRdQ\">das atividades humanas no Oceano<\/span><span class=\"JsGRdQ\">, na expectativa de alterar as suas atitudes <\/span><span class=\"JsGRdQ\">e aumentar a sua participa\u00e7\u00e3o em atividades que contribuam para <\/span><span class=\"JsGRdQ\">um Oceano <\/span><span class=\"JsGRdQ\">mais saud\u00e1vel.<\/span><\/p>\r\n<p>________________________________________________________________________<\/p>\r\n<p style=\"text-align: left;\">Sobre a entidade financiadora do Projeto:<\/p>\r\n<p style=\"text-align: left;\">\u201cAtrav\u00e9s do Acordo sobre o Espa\u00e7o Econ\u00f3mico Europeu (EEE), a Isl\u00e2ndia, o Liechtenstein e a Noruega s\u00e3o parceiros no mercado interno com os Estados-Membros da Uni\u00e3o Europeia.<\/p>\r\n<p style=\"text-align: left;\">Como forma de promover um cont\u00ednuo e equilibrado refor\u00e7o das rela\u00e7\u00f5es econ\u00f3micas e comerciais, as partes do Acordo do EEE estabeleceram um Mecanismo Financeiro plurianual, conhecido como EEA Grants.<\/p>\r\n<p style=\"text-align: left;\">Os EEA Grants t\u00eam como objetivos reduzir as disparidades sociais e econ\u00f3micas na Europa e refor\u00e7ar as rela\u00e7\u00f5es bilaterais entre estes tr\u00eas pa\u00edses e os pa\u00edses benefici\u00e1rios.<\/p>\r\n<p style=\"text-align: left;\">Para o per\u00edodo 2014-2021, foi acordada uma contribui\u00e7\u00e3o total de 2,8 mil milh\u00f5es de euros para 15 pa\u00edses benefici\u00e1rios. Portugal beneficiar\u00e1 de uma verba de 102,7 milh\u00f5es de euros.<\/p>\r\n<p style=\"text-align: left;\">Saiba mais em eeagrants.gov.pt\u201d<\/p>\r\n\r\n\r\n","protected":false},"excerpt":{"rendered":"<p>A Literacia do Oceano refere-se ao n\u00edvel de conhecimento adquirido sobre como o Oceano influencia a popula\u00e7\u00e3o humana e, por sua vez, sobre como as pessoas influenciam o Oceano. Atualmente, alguns dos problemas mais importantes s\u00e3o os pl\u00e1sticos que afetam a vida marinha e as popula\u00e7\u00f5es em decl\u00ednio de alguns predadores marinhos. Em particular, o &hellip; <a href=\"https:\/\/sos-marinhos.web.ua.pt\/index.php\/projeto\/\" class=\"more-link\">Continue reading <span class=\"screen-reader-text\">Projeto<\/span><\/a><\/p>\n","protected":false},"author":3,"featured_media":0,"parent":0,"menu_order":0,"comment_status":"closed","ping_status":"open","template":"","meta":[],"_links":{"self":[{"href":"https:\/\/sos-marinhos.web.ua.pt\/index.php\/wp-json\/wp\/v2\/pages\/6"}],"collection":[{"href":"https:\/\/sos-marinhos.web.ua.pt\/index.php\/wp-json\/wp\/v2\/pages"}],"about":[{"href":"https:\/\/sos-marinhos.web.ua.pt\/index.php\/wp-json\/wp\/v2\/types\/page"}],"author":[{"embeddable":true,"href":"https:\/\/sos-marinhos.web.ua.pt\/index.php\/wp-json\/wp\/v2\/users\/3"}],"replies":[{"embeddable":true,"href":"https:\/\/sos-marinhos.web.ua.pt\/index.php\/wp-json\/wp\/v2\/comments?post=6"}],"version-history":[{"count":4,"href":"https:\/\/sos-marinhos.web.ua.pt\/index.php\/wp-json\/wp\/v2\/pages\/6\/revisions"}],"predecessor-version":[{"id":556,"href":"https:\/\/sos-marinhos.web.ua.pt\/index.php\/wp-json\/wp\/v2\/pages\/6\/revisions\/556"}],"wp:attachment":[{"href":"https:\/\/sos-marinhos.web.ua.pt\/index.php\/wp-json\/wp\/v2\/media?parent=6"}],"curies":[{"name":"wp","href":"https:\/\/api.w.org\/{rel}","templated":true}]}}